{"id":12,"date":"2015-12-11T18:48:52","date_gmt":"2015-12-11T18:48:52","guid":{"rendered":"http:\/\/wp1.themexlab.com\/wp\/carshire\/?page_id=12"},"modified":"2020-06-30T00:21:30","modified_gmt":"2020-06-29T21:21:30","slug":"contact-style-two","status":"publish","type":"page","link":"https:\/\/www.durmusotomotiv.net\/index.php\/contact-style-two\/","title":{"rendered":"\u0130LET\u0130\u015e\u0130M"},"content":{"rendered":"<p>[vc_row][vc_column][vc_column_text]<iframe loading=\"lazy\" style=\"border: 0;\" tabindex=\"0\" src=\"https:\/\/www.google.com\/maps\/embed?pb=!1m18!1m12!1m3!1d3058.7770334940737!2d32.716542215381686!3d39.94637677942242!2m3!1f0!2f0!3f0!3m2!1i1024!2i768!4f13.1!3m3!1m2!1s0x0%3A0x0!2zMznCsDU2JzQ3LjAiTiAzMsKwNDMnMDcuNCJF!5e0!3m2!1str!2str!4v1593465659231!5m2!1str!2str\" width=\"1900\" height=\"450\" frameborder=\"0\" allowfullscreen=\"allowfullscreen\" aria-hidden=\"false\"><\/iframe>[\/vc_column_text][\/vc_column][\/vc_row][vc_row container=&#8221;1&#8243; el_class=&#8221;padding_top&#8221;][vc_column width=&#8221;3\/4&#8243;]\r\n\r\r\n<!-- Contact Form -->\r\r\n<div class=\"contact-form\">\r\r\n\t\t\r\r\n\t<div class=\"sec-title\"><h3 class=\"skew-lines\">Bize Yaz\u0131n<\/h3><\/div>\r\r\n\t<div class=\"msg-text\">Her T\u00fcrl\u00fc Soru \u00f6neri ve \u015fikayetleriniz i\u00e7in bize yaz\u0131n\u0131z...<\/p>\n<p>Adres : \u0130n\u00f6n\u00fc Mahallesi Y\u0131ld\u0131r\u0131mlar Sanayi Sitesi 1750 Cadde No:16 Yenimahalle Ankara ABC PEUGEOT Yan\u0131<\/p>\n<p>Telefon : +90 535 988 16 93<\/div>\r\r\n\t<div id=\"message\"><\/div>\r\r\n\t<!--Contact Form-->\r\r\n\t<form id=\"contact-form\" method=\"post\" action=\"https:\/\/www.durmusotomotiv.net\/wp-admin\/admin-ajax.php?action=_bunch_ajax_callback&amp;subaction=contact_form_submit\">\r\r\n\t\t<div class=\"row clearfix\">\r\r\n\t\t\t\r\r\n\t\t\t<div class=\"col-md-5 col-sm-12 col-xs-12\">\r\r\n\t\t\t\t\r\r\n\t\t\t\t<div class=\"form-group\">\r\r\n\t\t\t\t\t<label class=\"form-label\">Name<\/label>\r\r\n\t\t\t\t\t<input type=\"text\" name=\"contact_name\" id=\"contact_name\" value=\"\" placeholder=\"Enter Your Name\">\r\r\n\t\t\t\t<\/div>\r\r\n\t\t\t\t\r\r\n\t\t\t\t<div class=\"form-group\">\r\r\n\t\t\t\t\t<label class=\"form-label\">Email<\/label>\r\r\n\t\t\t\t\t<input type=\"email\" name=\"contact_email\" id=\"contact_email\" value=\"\" placeholder=\"Enter Your Email Address\">\r\r\n\t\t\t\t<\/div>\r\r\n\t\t\t\t\r\r\n\t\t\t\t<div class=\"clearfix\"><\/div>\r\r\n\t\t\t\t\r\r\n\t\t\t\t<div class=\"form-group\">\r\r\n\t\t\t\t\t<label class=\"form-label\">Subject<\/label>\r\r\n\t\t\t\t\t<input type=\"text\" name=\"contact_subject\" id=\"contact_subject\" value=\"\" placeholder=\"Enter a Subject\">\r\r\n\t\t\t\t<\/div>\r\r\n\t\t\t\t\r\r\n\t\t\t<\/div>\r\r\n\t\t\t\r\r\n\t\t\t<div class=\"col-md-7 col-sm-12 col-xs-12\">\r\r\n\t\t\t\t\r\r\n\t\t\t\t<div class=\"form-group\">\r\r\n\t\t\t\t\t<label class=\"form-label\">Message<\/label>\r\r\n\t\t\t\t\t<textarea name=\"contact_message\" id=\"contact_message\" placeholder=\"Type Message Here\"><\/textarea>\r\r\n\t\t\t\t<\/div>\r\r\n\t\t\t\t\r\r\n\t\t\t<\/div>\r\r\n\t\t\t\r\r\n\t\t<\/div>\r\r\n\t\t\r\r\n\t\t<div class=\"form-group text-right\">\r\r\n\t\t\t<button type=\"submit\" name=\"submit-form\" class=\"theme-btn dark-btn hvr-bounce-to-right\"><span class=\"fa fa-envelope\"><\/span> Send Message<\/button>\r\r\n\t\t<\/div>\r\r\n\t\t\r\r\n\t<\/form>\r\r\n\t\t\r\r\n<\/div>\r\r\n\r\r\n[\/vc_column][vc_column width=&#8221;1\/4&#8243;][vc_widget_sidebar sidebar_id=&#8221;Dynamic-Sidebar&#8221;][\/vc_column][\/vc_row]<\/p>\n","protected":false},"excerpt":{"rendered":"<p>[vc_row][vc_column][vc_column_text][\/vc_column_text][\/vc_column][\/vc_row][vc_row container=&#8221;1&#8243; el_class=&#8221;padding_top&#8221;][vc_column width=&#8221;3\/4&#8243;][\/vc_column][vc_column width=&#8221;1\/4&#8243;][vc_widget_sidebar sidebar_id=&#8221;Dynamic-Sidebar&#8221;][\/vc_column][\/vc_row]<\/p>\n","protected":false},"author":1,"featured_media":0,"parent":0,"menu_order":0,"comment_status":"closed","ping_status":"closed","template":"tpl-visual_composer.php","meta":{"footnotes":""},"class_list":["post-12","page","type-page","status-publish","hentry"],"_links":{"self":[{"href":"https:\/\/www.durmusotomotiv.net\/index.php\/wp-json\/wp\/v2\/pages\/12"}],"collection":[{"href":"https:\/\/www.durmusotomotiv.net\/index.php\/wp-json\/wp\/v2\/pages"}],"about":[{"href":"https:\/\/www.durmusotomotiv.net\/index.php\/wp-json\/wp\/v2\/types\/page"}],"author":[{"embeddable":true,"href":"https:\/\/www.durmusotomotiv.net\/index.php\/wp-json\/wp\/v2\/users\/1"}],"replies":[{"embeddable":true,"href":"https:\/\/www.durmusotomotiv.net\/index.php\/wp-json\/wp\/v2\/comments?post=12"}],"version-history":[{"count":6,"href":"https:\/\/www.durmusotomotiv.net\/index.php\/wp-json\/wp\/v2\/pages\/12\/revisions"}],"predecessor-version":[{"id":392,"href":"https:\/\/www.durmusotomotiv.net\/index.php\/wp-json\/wp\/v2\/pages\/12\/revisions\/392"}],"wp:attachment":[{"href":"https:\/\/www.durmusotomotiv.net\/index.php\/wp-json\/wp\/v2\/media?parent=12"}],"curies":[{"name":"wp","href":"https:\/\/api.w.org\/{rel}","templated":true}]}}