
   





{"id":250,"date":"2015-12-11T18:47:20","date_gmt":"2015-12-11T18:47:20","guid":{"rendered":"http:\/\/wp1.themexlab.com\/wp\/carshire\/?page_id=6"},"modified":"2020-06-30T00:28:51","modified_gmt":"2020-06-29T21:28:51","slug":"hakkimizda","status":"publish","type":"page","link":"https:\/\/www.durmusotomotiv.net\/index.php\/hakkimizda\/","title":{"rendered":"HAKKIMIZDA"},"content":{"rendered":"<p>[vc_row][vc_column]   \r\r\n<!--Tabs Section-->\r\r\n<section class=\"tabs-section\">\r\r\n<div class=\"auto-container\">\r\r\n\t<div class=\"row\">\r\r\n\t\t\r\r\n\t\t<div class=\"tabs-box clearfix\">\r\r\n\t\t\t\r\r\n\t\t\t<!--Buttons Side-->\r\r\n\t\t\t<div class=\"col-md-4 col-sm-6 col-xs-12 buttons-side\">\r\r\n\t\t\t\t\r\r\n\t\t\t\t<div class=\"sec-title\">\r\r\n\t\t\t\t\t<h3><\/h3>\r\r\n\t\t\t\t<\/div>\r\r\n\t\t\t\t<!--Tab Buttons-->\r\r\n\t\t\t\t<ul class=\"tab-buttons\">\r\r\n\t\t\t\t\t\r\n\t\t\t\t\t\t<li class=\"wow fadeInUp\" data-wow-delay=\"0ms\" data-wow-duration=\"1000ms\"><a href=\"#service147\" class=\"tab-btn clearfix active-btn\"><div class=\"icon\"><span class=\"flaticon-car186\"><\/span><\/div><h4>Hakk\u0131m\u0131zda<\/h4><p>Vizyon, Misyon, Kalite Politikam\u0131z<\/p><\/a><\/li>\r\n\t\t\t\t\t\r\n\t\t\t\t\t\t<li class=\"wow fadeInUp\" data-wow-delay=\"0ms\" data-wow-duration=\"1000ms\"><a href=\"#service67\" class=\"tab-btn clearfix \"><div class=\"icon\"><span class=\"flaticon-transport100\"><\/span><\/div><h4>Ara\u00e7 Kalite Testi<\/h4><p>M\u00fc\u015fteri Ara\u00e7 Kalite Testleri<\/p><\/a><\/li>\r\n\t\t\t\t\t\r\n\t\t\t\t\t\t<li class=\"wow fadeInUp\" data-wow-delay=\"0ms\" data-wow-duration=\"1000ms\"><a href=\"#service66\" class=\"tab-btn clearfix \"><div class=\"icon\"><span class=\"flaticon-automobile8\"><\/span><\/div><h4>Ara\u00e7 G\u00fcvenlik Testleri<\/h4><p>Fren ABS ASR Testleri<\/p><\/a><\/li>\r\n\t\t\t\t\t\r\n\t\t\t\t\t\t<li class=\"wow fadeInUp\" data-wow-delay=\"0ms\" data-wow-duration=\"1000ms\"><a href=\"#service65\" class=\"tab-btn clearfix \"><div class=\"icon\"><span class=\"flaticon-wrench1\"><\/span><\/div><h4>Motor G\u00fc\u00e7 ve H\u0131z Testleri<\/h4><p>Performans ve G\u00fc\u00e7 \u00d6l\u00e7\u00fcm\u00fc<\/p><\/a><\/li>\r\n\t\t\t\t\t\r\n\t\t\t\t<\/ul>\r\r\n\t\t\t<\/div>\r\r\n\t\t\t\r\r\n\t\t\t<!--Content Side-->\r\r\n\t\t\t<div class=\"col-md-8 col-sm-6 col-xs-12 tabs-content clearfix\">\r\r\n\t\t\t\t\r\r\n\t\t\t\t\r\n\t\t\t\t\t<div class=\"tab active-tab\" id=\"service147\">\r\r\n\t\t\t\t\t\t\t\t\t\t<div class=\"tab-title\">\r\r\n\t\t\t\t\t\t\t\t\t\t\t<h2>Hakk\u0131m\u0131zda<\/h2>\r\r\n\t\t\t\t\t\t\t\t\t\t\t<h3>Vizyon, Misyon, Kalite Politikam\u0131z<\/h3>\r\r\n\t\t\t\t\t\t\t\t\t\t<\/div>\r\r\n\t\t\t\t\t\t\t\t\t\t<div class=\"text\">\r\n\r\n<strong>Vizyon:<\/strong>DURMU\u015e Otomotiv olarak s\u00fcrekli geli\u015fimi, yenilik\u00e7ili\u011fi ve de\u011fi\u015fimi benimsemi\u015f, m\u00fc\u015fteri memnuniyetini y\u00fckselterek kurumsal yap\u0131s\u0131yla; \u00e7evresine g\u00fcven veren \u00f6nc\u00fc bir hizmet \u015firketi olmakt\u0131r.\r\n\r\n<strong>Misyon:<\/strong>Temsil etti\u011fimiz markalar\u0131n g\u00fcc\u00fcn\u00fc, en kaliteli \u015fekilde, en cazip ko\u015fullarla hizmet veren; i\u00e7imizde bar\u0131nd\u0131rd\u0131\u011f\u0131m\u0131z \u015feffafl\u0131k, d\u00fcr\u00fcstl\u00fck ve \u00e7al\u0131\u015fma azmiyle birle\u015ftirerek, sekt\u00f6rdeki hizmet anlay\u0131\u015f\u0131n\u0131 \u015fekillendiren, ko\u015fulsuz m\u00fc\u015fteri mutlulu\u011funu sa\u011flamak i\u00e7in her zaman standartlar\u0131n \u00fczerinde hizmet sunmakt\u0131r.\r\n\r\n<strong>Kalite Politikam\u0131z:<\/strong>\u00d6ncelikli olarak m\u00fc\u015fteri memnuniyetini sa\u011flayarak sad\u0131k m\u00fc\u015fteri portf\u00f6y\u00fc olu\u015fturmak, \u00e7al\u0131\u015fanlar\u0131n haklar\u0131n\u0131 koruyan bir \u00e7al\u0131\u015fma sistemi yaratmak. Hizmetlerimizi kalite standartlar\u0131m\u0131z\u0131n \u00fczerine \u00e7\u0131kartmak. Kaliteli hizmet yap\u0131s\u0131 ile siz de\u011ferli m\u00fc\u015fterilerinin be\u011fenisini kazanmakt\u0131r.Siz de\u011ferli m\u00fc\u015fterilerimize en iyi hizmeti ve kaliteyi sunmak i\u00e7in sizleri servisimize de bekliyoruz.\r\n\r\n&nbsp;\r\n\r\n<\/div>\r\n&nbsp;\r\n<div class=\"row list clearfix\">\r\n<ul class=\"col-md-6 col-sm-12 col-xs-12\">\r\n \t<li>Profesyonel Ara\u00e7 Temizleme<\/li>\r\n \t<li>Ayl\u0131k Ara\u00e7 Bak\u0131m\u0131<\/li>\r\n \t<li>Ara\u00e7 \u0130\u00e7i Bak\u0131m\u0131<\/li>\r\n \t<li>Ara\u00e7 Rot Balans Bak\u0131m\u0131<\/li>\r\n<\/ul>\r\n<ul class=\"col-md-6 col-sm-12 col-xs-12\">\r\n \t<li>Ara\u00e7 Boyama Servisi<\/li>\r\n \t<li>Yedek Par\u00e7a Temin Ve Sat\u0131\u015fo<\/li>\r\n \t<li>Ara\u00e7 Ve Par\u00e7a Onarm\u0131<\/li>\r\n \t<li>Ara\u00e7 Far Temizli\u011fi ve Pasta Cila<\/li>\r\n<\/ul>\r\n<\/div>\r\r\n\t\t\t\t\t\t\t\t\t<\/div>\r\n\t\t\t\t\r\n\t\t\t\t\t<div class=\"tab \" id=\"service67\">\r\r\n\t\t\t\t\t\t\t\t\t\t<div class=\"tab-title\">\r\r\n\t\t\t\t\t\t\t\t\t\t\t<h2>Ara\u00e7 Kalite Testi<\/h2>\r\r\n\t\t\t\t\t\t\t\t\t\t\t<h3>M\u00fc\u015fteri Ara\u00e7 Kalite Testleri<\/h3>\r\r\n\t\t\t\t\t\t\t\t\t\t<\/div>\r\r\n\t\t\t\t\t\t\t\t\t\t\r\r\n\t\t\t\t\t\t\t\t\t<\/div>\r\n\t\t\t\t\r\n\t\t\t\t\t<div class=\"tab \" id=\"service66\">\r\r\n\t\t\t\t\t\t\t\t\t\t<div class=\"tab-title\">\r\r\n\t\t\t\t\t\t\t\t\t\t\t<h2>Ara\u00e7 G\u00fcvenlik Testleri<\/h2>\r\r\n\t\t\t\t\t\t\t\t\t\t\t<h3>Fren ABS ASR Testleri<\/h3>\r\r\n\t\t\t\t\t\t\t\t\t\t<\/div>\r\r\n\t\t\t\t\t\t\t\t\t\t\r\r\n\t\t\t\t\t\t\t\t\t<\/div>\r\n\t\t\t\t\r\n\t\t\t\t\t<div class=\"tab \" id=\"service65\">\r\r\n\t\t\t\t\t\t\t\t\t\t<div class=\"tab-title\">\r\r\n\t\t\t\t\t\t\t\t\t\t\t<h2>Motor G\u00fc\u00e7 ve H\u0131z Testleri<\/h2>\r\r\n\t\t\t\t\t\t\t\t\t\t\t<h3>Performans ve G\u00fc\u00e7 \u00d6l\u00e7\u00fcm\u00fc<\/h3>\r\r\n\t\t\t\t\t\t\t\t\t\t<\/div>\r\r\n\t\t\t\t\t\t\t\t\t\t\r\r\n\t\t\t\t\t\t\t\t\t<\/div>\r\n\t\t\t\t\r\n\t\t\t\t\r\r\n\t\t\t<\/div>\r\r\n\t\t\t\r\r\n\t\t<\/div>\r\r\n\t\t\r\r\n\t<\/div>\r\r\n<\/div>\r\r\n<\/section>\r\r\n\r\r\n[\/vc_column][\/vc_row]<\/p>\n","protected":false},"excerpt":{"rendered":"<p>[vc_row][vc_column][\/vc_column][\/vc_row]<\/p>\n","protected":false},"author":1,"featured_media":0,"parent":0,"menu_order":0,"comment_status":"closed","ping_status":"closed","template":"tpl-visual_composer.php","meta":{"footnotes":""},"class_list":["post-250","page","type-page","status-publish","hentry"],"_links":{"self":[{"href":"https:\/\/www.durmusotomotiv.net\/index.php\/wp-json\/wp\/v2\/pages\/250"}],"collection":[{"href":"https:\/\/www.durmusotomotiv.net\/index.php\/wp-json\/wp\/v2\/pages"}],"about":[{"href":"https:\/\/www.durmusotomotiv.net\/index.php\/wp-json\/wp\/v2\/types\/page"}],"author":[{"embeddable":true,"href":"https:\/\/www.durmusotomotiv.net\/index.php\/wp-json\/wp\/v2\/users\/1"}],"replies":[{"embeddable":true,"href":"https:\/\/www.durmusotomotiv.net\/index.php\/wp-json\/wp\/v2\/comments?post=250"}],"version-history":[{"count":7,"href":"https:\/\/www.durmusotomotiv.net\/index.php\/wp-json\/wp\/v2\/pages\/250\/revisions"}],"predecessor-version":[{"id":399,"href":"https:\/\/www.durmusotomotiv.net\/index.php\/wp-json\/wp\/v2\/pages\/250\/revisions\/399"}],"wp:attachment":[{"href":"https:\/\/www.durmusotomotiv.net\/index.php\/wp-json\/wp\/v2\/media?parent=250"}],"curies":[{"name":"wp","href":"https:\/\/api.w.org\/{rel}","templated":true}]}}